{"id":84039,"date":"2020-05-23T16:11:19","date_gmt":"2020-05-23T14:11:19","guid":{"rendered":"https:\/\/ju-know.com\/?page_id=84039"},"modified":"2020-05-27T20:58:31","modified_gmt":"2020-05-27T18:58:31","slug":"imprint","status":"publish","type":"page","link":"https:\/\/ju-know.com\/en\/imprint\/","title":{"rendered":"Imprint"},"content":{"rendered":"<h3><strong>Managing directors:\u00a0<\/strong><\/h3>\n<p>J\u00fcrgen H\u00e4ussler and Ursula Klo\u00e9<\/p>\n<h3><strong>Company information:<\/strong><\/h3>\n<p>JU-KNOW GmbH<br \/>\nAm B\u00fcchsenackerhang 70-1<br \/>\n69118 Heidelberg<br \/>\nCourt of registry Mannheim HRB No 727 499<br \/>\nVAT ID: DE 311 690 488<\/p>\n<h3><strong>Contact:<\/strong><\/h3>\n<p>Phone: <a href=\"tel:+496221892656\">+49 6221 892 656<\/a><br \/>\nE-Mail:\u00a0<a href=\"mailto:office@ju-know.com\">office@ju-know.com<\/a><\/p>\n<p><strong>J\u00fcrgen H\u00e4ussler is responsible for the content according to \u00a7 55 paragraph 2 RStV<\/strong><\/p>\n<h3>Liability for content<\/h3>\n<p>As a service provider, we are responsible for our own content on these pages in accordance with Section 7 (1) of the German Telemedia Act. According to \u00a7\u00a7 8 to 10 TMG, we as a service provider are not obliged to monitor transmitted or stored third-party information or to research circumstances that indicate illegal activity.<br \/>\nObligations to remove or block the use of information according to general laws remain unaffected. However, liability in this regard is only possible from the time we become aware of a specific legal violation. As soon as we become aware of such violations, we will remove this content immediately.<\/p>\n<h3>Liability for links<\/h3>\n<p>Our offer contains links to external websites of third parties, the content of which we have no influence. For this reason, we cannot accept any liability for this external content. The respective provider or operator is always responsible for the content of the linked pages. The linked pages were checked for possible legal violations at the time the link was created. No illegal content was discernible at the time the link was created.<br \/>\nA permanent control of the content of the linked pages is not reasonable without concrete evidence of an infringement. As soon as we become aware of legal violations, we will remove such links immediately.<\/p>\n<h3>Copyright<\/h3>\n<p>The content and works on these pages created by the site operator are subject to German copyright law. The duplication, processing, distribution and any kind of use outside the limits of the copyright law require the written consent of the respective author or creator. Downloads and copies of this page are only permitted for private, non-commercial use.<br \/>\nAs far as the content on this page was not created by the operator, the copyrights of third parties are respected. In particular contents of third parties are marked as such. Should you nevertheless become aware of copyright infringement, please let us know. As soon as we become aware of legal violations, we will remove such content immediately.<\/p>\n<h3>Business<\/h3>\n<p><strong>JU-KNOW GmbH<\/strong><br \/>\nAm B\u00fcchsenackerhang 70-1<br \/>\n69118 Heidelberg<\/p>\n<p>Phone: <a href=\"tel:+496221892656\">+496221 892 656<\/a><br \/>\nE-Mail:\u00a0<a href=\"mailto:office@ju-know.com\">office@ju-know.com<\/a><\/p>\n<h3>List of images<\/h3>\n<ul>\n<li><a href=\"https:\/\/unsplash.com\/photos\/45FJgZMXCK8\" target=\"_blank\" rel=\"noopener noreferrer\">Joey Kyber<\/a><a href=\"https:\/\/unsplash.com\/photos\/6awfTPLGaCE\" target=\"_blank\" rel=\"noopener noreferrer\"> &#8211; Unsplash<\/a><\/li>\n<li><a href=\"https:\/\/unsplash.com\/photos\/-fGqsewtsJY\" target=\"_blank\" rel=\"noopener noreferrer\">Bill Oxford<\/a><a href=\"https:\/\/unsplash.com\/photos\/6awfTPLGaCE\" target=\"_blank\" rel=\"noopener noreferrer\"> &#8211; Unsplash<\/a><\/li>\n<li><a href=\"https:\/\/unsplash.com\/photos\/6awfTPLGaCE\" target=\"_blank\" rel=\"noopener noreferrer\">You X Ventures &#8211; Unsplash<\/a><\/li>\n<li><a href=\"https:\/\/unsplash.com\/photos\/wWQ760meyWI\" target=\"_blank\" rel=\"noopener noreferrer\">Max Langelott<\/a><a href=\"https:\/\/unsplash.com\/photos\/6awfTPLGaCE\" target=\"_blank\" rel=\"noopener noreferrer\"> &#8211; Unsplash<\/a><\/li>\n<li><a href=\"https:\/\/unsplash.com\/photos\/sxNt9g77PE0\" target=\"_blank\" rel=\"noopener noreferrer\">Erda Estremera<\/a><a href=\"https:\/\/unsplash.com\/photos\/6awfTPLGaCE\" target=\"_blank\" rel=\"noopener noreferrer\"> &#8211; Unsplash<\/a><\/li>\n<li><a href=\"https:\/\/unsplash.com\/photos\/2xU7rYxsTiM\" target=\"_blank\" rel=\"noopener noreferrer\">Sergi Kabrera<\/a><a href=\"https:\/\/unsplash.com\/photos\/6awfTPLGaCE\" target=\"_blank\" rel=\"noopener noreferrer\"> &#8211; Unsplash<\/a><\/li>\n<li><a href=\"https:\/\/unsplash.com\/photos\/9iqqFZ7OuwY\" target=\"_blank\" rel=\"noopener noreferrer\">Joshua Ness &#8211; Unsplash<\/a><\/li>\n<li><a href=\"https:\/\/unsplash.com\/photos\/yjAFnkLtKY0\" target=\"_blank\" rel=\"noopener noreferrer\">Mikkel Bech &#8211; Unsplash<\/a><\/li>\n<\/ul>\n<h3>Marketing<\/h3>\n<p><img decoding=\"async\" class=\"alignnone wp-image-84250\" src=\"https:\/\/ju-know.com\/wp-content\/uploads\/2020\/05\/MPRESSIVE-LOGO-slogan-schwarz-gro\u00df.svg\" alt=\"\" width=\"257\" height=\"59\" \/><\/p>\n<p><a href=\"https:\/\/mpressive.media\/\" target=\"_blank\" rel=\"noopener noreferrer\">MPRESSIVE MEDIA<\/a><\/p>\n<h3>Design<\/h3>\n<p>Design by <strong><a href=\"http:\/\/mischler-webdesign.de\" target=\"_blank\" rel=\"noopener noreferrer\">Mischler Webdesign Mannheim<\/a><\/strong><\/p>\n","protected":false},"excerpt":{"rendered":"<p>Managing directors:\u00a0 J\u00fcrgen H\u00e4ussler and Ursula Klo\u00e9 Company information: JU-KNOW GmbH Am B\u00fcchsenackerhang 70-1 69118 Heidelberg Court of registry Mannheim [&hellip;]<\/p>\n","protected":false},"author":1,"featured_media":0,"parent":0,"menu_order":0,"comment_status":"closed","ping_status":"closed","template":"","meta":{"footnotes":""},"yoast_head":"<!-- This site is optimized with the Yoast SEO plugin v21.8.1 - https:\/\/yoast.com\/wordpress\/plugins\/seo\/ -->\n<title>Imprint - JU-KNOW<\/title>\n<meta name=\"robots\" content=\"noindex, nofollow\" \/>\n<meta property=\"og:locale\" content=\"en_US\" \/>\n<meta property=\"og:type\" content=\"article\" \/>\n<meta property=\"og:title\" content=\"Imprint - JU-KNOW\" \/>\n<meta property=\"og:description\" content=\"Managing directors:\u00a0 J\u00fcrgen H\u00e4ussler and Ursula Klo\u00e9 Company information: JU-KNOW GmbH Am B\u00fcchsenackerhang 70-1 69118 Heidelberg Court of registry Mannheim [&hellip;]\" \/>\n<meta property=\"og:url\" content=\"https:\/\/ju-know.com\/en\/imprint\/\" \/>\n<meta property=\"og:site_name\" content=\"JU-KNOW\" \/>\n<meta property=\"article:modified_time\" content=\"2020-05-27T18:58:31+00:00\" \/>\n<meta property=\"og:image\" content=\"https:\/\/ju-know.com\/wp-content\/uploads\/2020\/05\/MPRESSIVE-LOGO-slogan-schwarz-gro\u00df.svg\" \/>\n<meta name=\"twitter:card\" content=\"summary_large_image\" \/>\n<meta name=\"twitter:label1\" content=\"Est. reading time\" \/>\n\t<meta name=\"twitter:data1\" content=\"2 minutes\" \/>\n<script type=\"application\/ld+json\" class=\"yoast-schema-graph\">{\"@context\":\"https:\/\/schema.org\",\"@graph\":[{\"@type\":\"WebPage\",\"@id\":\"https:\/\/ju-know.com\/en\/imprint\/\",\"url\":\"https:\/\/ju-know.com\/en\/imprint\/\",\"name\":\"Imprint - JU-KNOW\",\"isPartOf\":{\"@id\":\"https:\/\/ju-know.com\/en\/#website\"},\"datePublished\":\"2020-05-23T14:11:19+00:00\",\"dateModified\":\"2020-05-27T18:58:31+00:00\",\"breadcrumb\":{\"@id\":\"https:\/\/ju-know.com\/en\/imprint\/#breadcrumb\"},\"inLanguage\":\"en-US\",\"potentialAction\":[{\"@type\":\"ReadAction\",\"target\":[\"https:\/\/ju-know.com\/en\/imprint\/\"]}]},{\"@type\":\"BreadcrumbList\",\"@id\":\"https:\/\/ju-know.com\/en\/imprint\/#breadcrumb\",\"itemListElement\":[{\"@type\":\"ListItem\",\"position\":1,\"name\":\"Startseite\",\"item\":\"https:\/\/ju-know.com\/en\/\"},{\"@type\":\"ListItem\",\"position\":2,\"name\":\"Imprint\"}]},{\"@type\":\"WebSite\",\"@id\":\"https:\/\/ju-know.com\/en\/#website\",\"url\":\"https:\/\/ju-know.com\/en\/\",\"name\":\"JU-KNOW\",\"description\":\"Unternehmensberatung Heidelberg\",\"publisher\":{\"@id\":\"https:\/\/ju-know.com\/en\/#organization\"},\"potentialAction\":[{\"@type\":\"SearchAction\",\"target\":{\"@type\":\"EntryPoint\",\"urlTemplate\":\"https:\/\/ju-know.com\/en\/?s={search_term_string}\"},\"query-input\":\"required name=search_term_string\"}],\"inLanguage\":\"en-US\"},{\"@type\":\"Organization\",\"@id\":\"https:\/\/ju-know.com\/en\/#organization\",\"name\":\"JU-KNOW GmbH\",\"url\":\"https:\/\/ju-know.com\/en\/\",\"logo\":{\"@type\":\"ImageObject\",\"inLanguage\":\"en-US\",\"@id\":\"https:\/\/ju-know.com\/en\/#\/schema\/logo\/image\/\",\"url\":\"https:\/\/ju-know.com\/wp-content\/uploads\/2020\/05\/Unternehmensberatung-heidelberg-Logo.png\",\"contentUrl\":\"https:\/\/ju-know.com\/wp-content\/uploads\/2020\/05\/Unternehmensberatung-heidelberg-Logo.png\",\"width\":1080,\"height\":412,\"caption\":\"JU-KNOW GmbH\"},\"image\":{\"@id\":\"https:\/\/ju-know.com\/en\/#\/schema\/logo\/image\/\"}}]}<\/script>\n<!-- \/ Yoast SEO plugin. -->","yoast_head_json":{"title":"Imprint - JU-KNOW","robots":{"index":"noindex","follow":"nofollow"},"og_locale":"en_US","og_type":"article","og_title":"Imprint - JU-KNOW","og_description":"Managing directors:\u00a0 J\u00fcrgen H\u00e4ussler and Ursula Klo\u00e9 Company information: JU-KNOW GmbH Am B\u00fcchsenackerhang 70-1 69118 Heidelberg Court of registry Mannheim [&hellip;]","og_url":"https:\/\/ju-know.com\/en\/imprint\/","og_site_name":"JU-KNOW","article_modified_time":"2020-05-27T18:58:31+00:00","og_image":[{"url":"https:\/\/ju-know.com\/wp-content\/uploads\/2020\/05\/MPRESSIVE-LOGO-slogan-schwarz-gro\u00df.svg"}],"twitter_card":"summary_large_image","twitter_misc":{"Est. reading time":"2 minutes"},"schema":{"@context":"https:\/\/schema.org","@graph":[{"@type":"WebPage","@id":"https:\/\/ju-know.com\/en\/imprint\/","url":"https:\/\/ju-know.com\/en\/imprint\/","name":"Imprint - JU-KNOW","isPartOf":{"@id":"https:\/\/ju-know.com\/en\/#website"},"datePublished":"2020-05-23T14:11:19+00:00","dateModified":"2020-05-27T18:58:31+00:00","breadcrumb":{"@id":"https:\/\/ju-know.com\/en\/imprint\/#breadcrumb"},"inLanguage":"en-US","potentialAction":[{"@type":"ReadAction","target":["https:\/\/ju-know.com\/en\/imprint\/"]}]},{"@type":"BreadcrumbList","@id":"https:\/\/ju-know.com\/en\/imprint\/#breadcrumb","itemListElement":[{"@type":"ListItem","position":1,"name":"Startseite","item":"https:\/\/ju-know.com\/en\/"},{"@type":"ListItem","position":2,"name":"Imprint"}]},{"@type":"WebSite","@id":"https:\/\/ju-know.com\/en\/#website","url":"https:\/\/ju-know.com\/en\/","name":"JU-KNOW","description":"Unternehmensberatung Heidelberg","publisher":{"@id":"https:\/\/ju-know.com\/en\/#organization"},"potentialAction":[{"@type":"SearchAction","target":{"@type":"EntryPoint","urlTemplate":"https:\/\/ju-know.com\/en\/?s={search_term_string}"},"query-input":"required name=search_term_string"}],"inLanguage":"en-US"},{"@type":"Organization","@id":"https:\/\/ju-know.com\/en\/#organization","name":"JU-KNOW GmbH","url":"https:\/\/ju-know.com\/en\/","logo":{"@type":"ImageObject","inLanguage":"en-US","@id":"https:\/\/ju-know.com\/en\/#\/schema\/logo\/image\/","url":"https:\/\/ju-know.com\/wp-content\/uploads\/2020\/05\/Unternehmensberatung-heidelberg-Logo.png","contentUrl":"https:\/\/ju-know.com\/wp-content\/uploads\/2020\/05\/Unternehmensberatung-heidelberg-Logo.png","width":1080,"height":412,"caption":"JU-KNOW GmbH"},"image":{"@id":"https:\/\/ju-know.com\/en\/#\/schema\/logo\/image\/"}}]}},"_links":{"self":[{"href":"https:\/\/ju-know.com\/en\/wp-json\/wp\/v2\/pages\/84039"}],"collection":[{"href":"https:\/\/ju-know.com\/en\/wp-json\/wp\/v2\/pages"}],"about":[{"href":"https:\/\/ju-know.com\/en\/wp-json\/wp\/v2\/types\/page"}],"author":[{"embeddable":true,"href":"https:\/\/ju-know.com\/en\/wp-json\/wp\/v2\/users\/1"}],"replies":[{"embeddable":true,"href":"https:\/\/ju-know.com\/en\/wp-json\/wp\/v2\/comments?post=84039"}],"version-history":[{"count":4,"href":"https:\/\/ju-know.com\/en\/wp-json\/wp\/v2\/pages\/84039\/revisions"}],"predecessor-version":[{"id":84254,"href":"https:\/\/ju-know.com\/en\/wp-json\/wp\/v2\/pages\/84039\/revisions\/84254"}],"wp:attachment":[{"href":"https:\/\/ju-know.com\/en\/wp-json\/wp\/v2\/media?parent=84039"}],"curies":[{"name":"wp","href":"https:\/\/api.w.org\/{rel}","templated":true}]}}